{"id":31638,"date":"2024-01-16T11:39:28","date_gmt":"2024-01-16T10:39:28","guid":{"rendered":"https:\/\/codecgroup.ch\/protezione-dei-dati\/"},"modified":"2026-03-25T17:42:18","modified_gmt":"2026-03-25T16:42:18","slug":"protezione-dei-dati","status":"publish","type":"page","link":"https:\/\/codecgroup.ch\/it\/protezione-dei-dati\/","title":{"rendered":"Protezione dei dati"},"content":{"rendered":"<p>[et_pb_section fb_built=&#8221;1&#8243; _builder_version=&#8221;4.23.4&#8243; _module_preset=&#8221;default&#8221; global_colors_info=&#8221;{}&#8221;][et_pb_row _builder_version=&#8221;4.23.4&#8243; _module_preset=&#8221;default&#8221; global_colors_info=&#8221;{}&#8221;][et_pb_column type=&#8221;4_4&#8243; _builder_version=&#8221;4.23.4&#8243; _module_preset=&#8221;default&#8221; global_colors_info=&#8221;{}&#8221;][et_pb_text _builder_version=&#8221;4.23.4&#8243; _module_preset=&#8221;default&#8221; hover_enabled=&#8221;0&#8243; global_colors_info=&#8221;{}&#8221; sticky_enabled=&#8221;0&#8243;]<\/p>\n<h1>Protezione dei dati<\/h1>\n<h2>Legislazione<\/h2>\n<p>Come azienda con sede in Svizzera, siamo tenuti a rispettare la legislazione svizzera in materia di protezione dei dati.<\/p>\n<p>Raccogliamo un minimo di dati personali, li conserviamo il meno a lungo possibile e ne garantiamo la protezione.<\/p>\n<p>&nbsp;<\/p>\n<h2>Chi siamo?<\/h2>\n<p>L&#8217;indirizzo del nostro sito \u00e8: https:\/\/codecgroup.ch\/<\/p>\n<p>Ragione sociale: Codec SA<\/p>\n<p>N\u00b0 IDE: CHE-106.984.750 <\/p>\n<p>Indirizzo:<span> <\/span><span>Cr\u00eats 13, 2056 Dombresson<\/span><\/p>\n<p>Responsabile:<span> <\/span><span>Di Bernardo, Michel<\/span><\/p>\n<p>Indirizzo email: <a href=\"mailto:info@codecgroup.ch\">info@codecgroup.ch<\/a><\/p>\n<p>&nbsp;<\/p>\n<p>&nbsp;<\/p>\n<h2>Chi altro pu\u00f2 accedere ai dati personali?<\/h2>\n<p>Il sito \u00e8 ospitato presso Infomaniak SA <a href=\"https:\/\/infomaniak.ch\">https:\/\/infomaniak.ch<\/a><\/p>\n<p>La societ\u00e0 sopra citata \u00e8 obbligata a rispettare gli stessi obblighi di protezione dei dati personali, come stabilito contrattualmente.<\/p>\n<p>&nbsp;<\/p>\n<h2>Commenti<\/h2>\n<p>Quando lasci un commento sul nostro sito, i dati inseriti nel modulo di commento, cos\u00ec come il tuo indirizzo IP e l&#8217;user agent del tuo browser vengono raccolti per aiutarci a rilevare i commenti indesiderati.<\/p>\n<p>\u00c8 bene ricordare che la persona interessata \u00e8 responsabile dei dati che inserisce nei commenti e che le si consiglia di non menzionare informazioni sensibili.<\/p>\n<p>Una stringa anonimizzata creata a partire dal tuo indirizzo email (chiamata anche hash) pu\u00f2 essere inviata al servizio Gravatar per verificare se lo utilizzi. Le clausole di riservatezza del servizio Gravatar sono disponibili qui: https:\/\/automattic.com\/privacy\/. Dopo l&#8217;approvazione del tuo commento, la tua foto profilo sar\u00e0 visibile pubblicamente accanto al tuo commento. <\/p>\n<p>&nbsp;<\/p>\n<h2>Media<\/h2>\n<p>Se carichi immagini sul sito, ti consigliamo di evitare di caricare immagini contenenti dati EXIF di coordinate GPS. I visitatori del tuo sito possono scaricare ed estrarre dati di localizzazione da queste immagini. <\/p>\n<p>&nbsp;<\/p>\n<h2>Cookie<\/h2>\n<p>Se lasci un commento sul nostro sito, ti verr\u00e0 proposto di salvare il tuo nome, indirizzo email e sito nei cookie. Questo \u00e8 solo per tua comodit\u00e0, per evitare di dover inserire nuovamente queste informazioni se lasci un altro commento in seguito. Questi cookie scadono dopo un anno.  <\/p>\n<p>Se visiti la pagina di accesso, verr\u00e0 creato un cookie temporaneo per determinare se il tuo browser accetta i cookie. Non contiene dati personali e verr\u00e0 eliminato automaticamente alla chiusura del browser. <\/p>\n<p>Quando effettui l&#8217;accesso, imposteremo diversi cookie per registrare le tue informazioni di accesso e le tue preferenze di visualizzazione. La durata di un cookie di accesso \u00e8 di due giorni, quella di un cookie di opzione di visualizzazione \u00e8 di un anno. Se selezioni &#8220;Ricordami&#8221;, il tuo cookie di accesso verr\u00e0 conservato per due settimane. Se ti disconnetti dal tuo account, il cookie di accesso verr\u00e0 cancellato.   <\/p>\n<p>Modificando o pubblicando un articolo, verr\u00e0 salvato un cookie aggiuntivo nel tuo browser. Questo cookie non contiene alcun dato personale. Indica semplicemente l&#8217;ID dell&#8217;articolo che hai appena modificato. Scade dopo un giorno.   <\/p>\n<p>Non utilizziamo Web-Beacon.<\/p>\n<p>&nbsp;<\/p>\n<h2>Contenuti incorporati da altri siti<\/h2>\n<p>Gli articoli di questo sito possono includere contenuti incorporati (ad esempio video, immagini, articoli\u2026). I contenuti incorporati da altri siti si comportano esattamente come se il visitatore visitasse quell&#8217;altro sito. <\/p>\n<p>Questi siti web potrebbero raccogliere dati su di te, utilizzare cookie, incorporare strumenti di tracciamento di terze parti, monitorare le tue interazioni con questi contenuti incorporati se hai un account connesso sul loro sito web.<\/p>\n<p>In qualsiasi momento, l&#8217;accesso a un sito di terze parti non avviene all&#8217;insaputa della persona interessata e potrai esprimere la tua opinione sull&#8217;utilizzo dei cookie da parte di questo sito di terze parti.<\/p>\n<p>&nbsp;<\/p>\n<h2>Durata di conservazione dei tuoi dati<\/h2>\n<p>Se lasci un commento, il commento e i suoi metadati vengono conservati a tempo indeterminato. Questo permette di riconoscere e approvare automaticamente i commenti successivi invece di lasciarli in coda di moderazione.<\/p>\n<p>Per gli account che si registrano sul nostro sito (se applicabile), conserviamo anche i dati personali indicati nel loro profilo, ovvero:<\/p>\n<p>Nome, cognome, indirizzo, CAP, localit\u00e0.<\/p>\n<p>Tutti gli account possono visualizzare, modificare o eliminare le proprie informazioni personali in qualsiasi momento (ad eccezione del loro identificativo). I gestori del sito possono anche visualizzare e modificare queste informazioni.<\/p>\n<p>&nbsp;<\/p>\n<h2>I diritti che hai sui tuoi dati<\/h2>\n<p>Se hai un account o se hai lasciato commenti sul sito, puoi richiedere di ricevere un file contenente tutti i dati personali che possediamo su di te, inclusi quelli che ci hai fornito. Puoi anche richiedere la cancellazione dei dati personali che ti riguardano. Questo non include i dati conservati per scopi amministrativi, legali o per motivi di sicurezza.<\/p>\n<p>In generale, i diritti delle persone interessate sono i diritti a: informazione, rettifica, cancellazione, limitazione del trattamento, opposizione, portabilit\u00e0, presentazione di reclamo, revoca del consenso.<\/p>\n<p>&nbsp;<\/p>\n<h2>Dove vengono inviati i tuoi dati<\/h2>\n<p>I commenti dei visitatori possono essere verificati tramite un servizio automatizzato di rilevamento dei commenti indesiderati. Utilizziamo il servizio di Akismet per combattere la posta indesiderata.<\/p>\n<p>&nbsp;<\/p>\n<p>&nbsp;<\/p>\n<p>[\/et_pb_text][\/et_pb_column][\/et_pb_row][\/et_pb_section]<\/p>\n","protected":false},"excerpt":{"rendered":"<p>Protezione dei dati Legislazione Come azienda con sede in Svizzera, siamo tenuti a rispettare la legislazione svizzera in materia di protezione dei dati. Raccogliamo un minimo di dati personali, li conserviamo il meno a lungo possibile e ne garantiamo la protezione. &nbsp; Chi siamo? L&#8217;indirizzo del nostro sito \u00e8: https:\/\/codecgroup.ch\/ Ragione sociale: Codec SA N\u00b0 [&hellip;]<\/p>\n","protected":false},"author":1,"featured_media":0,"parent":0,"menu_order":0,"comment_status":"closed","ping_status":"closed","template":"","meta":{"_et_pb_use_builder":"on","_et_pb_old_content":"","_et_gb_content_width":"","footnotes":""},"class_list":["post-31638","page","type-page","status-publish","hentry"],"yoast_head":"<!-- This site is optimized with the Yoast SEO plugin v27.3 - https:\/\/yoast.com\/product\/yoast-seo-wordpress\/ -->\n<title>Protezione dei dati - Codec Group<\/title>\n<meta name=\"description\" content=\"Consulta la nostra protezione dei dati per capire come Codec Group gestisce, protegge e utilizza le tue informazioni. Ci impegniamo a garantire la sicurezza e la riservatezza dei tuoi dati.\" \/>\n<meta name=\"robots\" content=\"index, follow, max-snippet:-1, max-image-preview:large, max-video-preview:-1\" \/>\n<link rel=\"canonical\" href=\"https:\/\/codecgroup.ch\/it\/protezione-dei-dati\/\" \/>\n<meta property=\"og:locale\" content=\"it_IT\" \/>\n<meta property=\"og:type\" content=\"article\" \/>\n<meta property=\"og:title\" content=\"Protezione dei dati - Codec Group\" \/>\n<meta property=\"og:description\" content=\"Consulta la nostra protezione dei dati per capire come Codec Group gestisce, protegge e utilizza le tue informazioni. Ci impegniamo a garantire la sicurezza e la riservatezza dei tuoi dati.\" \/>\n<meta property=\"og:url\" content=\"https:\/\/codecgroup.ch\/it\/protezione-dei-dati\/\" \/>\n<meta property=\"og:site_name\" content=\"Codec Group\" \/>\n<meta property=\"article:modified_time\" content=\"2026-03-25T16:42:18+00:00\" \/>\n<meta name=\"twitter:card\" content=\"summary_large_image\" \/>\n<meta name=\"twitter:label1\" content=\"Tempo di lettura stimato\" \/>\n\t<meta name=\"twitter:data1\" content=\"4 minuti\" \/>\n<script type=\"application\/ld+json\" class=\"yoast-schema-graph\">{\"@context\":\"https:\\\/\\\/schema.org\",\"@graph\":[{\"@type\":\"WebPage\",\"@id\":\"https:\\\/\\\/codecgroup.ch\\\/it\\\/protezione-dei-dati\\\/\",\"url\":\"https:\\\/\\\/codecgroup.ch\\\/it\\\/protezione-dei-dati\\\/\",\"name\":\"Protezione dei dati - Codec Group\",\"isPartOf\":{\"@id\":\"https:\\\/\\\/codecgroup.ch\\\/it\\\/#website\"},\"datePublished\":\"2024-01-16T10:39:28+00:00\",\"dateModified\":\"2026-03-25T16:42:18+00:00\",\"description\":\"Consulta la nostra protezione dei dati per capire come Codec Group gestisce, protegge e utilizza le tue informazioni. Ci impegniamo a garantire la sicurezza e la riservatezza dei tuoi dati.\",\"breadcrumb\":{\"@id\":\"https:\\\/\\\/codecgroup.ch\\\/it\\\/protezione-dei-dati\\\/#breadcrumb\"},\"inLanguage\":\"it-IT\",\"potentialAction\":[{\"@type\":\"ReadAction\",\"target\":[\"https:\\\/\\\/codecgroup.ch\\\/it\\\/protezione-dei-dati\\\/\"]}]},{\"@type\":\"BreadcrumbList\",\"@id\":\"https:\\\/\\\/codecgroup.ch\\\/it\\\/protezione-dei-dati\\\/#breadcrumb\",\"itemListElement\":[{\"@type\":\"ListItem\",\"position\":1,\"name\":\"Accueil\",\"item\":\"https:\\\/\\\/codecgroup.ch\\\/it\\\/\"},{\"@type\":\"ListItem\",\"position\":2,\"name\":\"Protezione dei dati\"}]},{\"@type\":\"WebSite\",\"@id\":\"https:\\\/\\\/codecgroup.ch\\\/it\\\/#website\",\"url\":\"https:\\\/\\\/codecgroup.ch\\\/it\\\/\",\"name\":\"Codec Group\",\"description\":\"La qualit\u00e9 suisse du \u00b5icro au Mega\",\"potentialAction\":[{\"@type\":\"SearchAction\",\"target\":{\"@type\":\"EntryPoint\",\"urlTemplate\":\"https:\\\/\\\/codecgroup.ch\\\/it\\\/?s={search_term_string}\"},\"query-input\":{\"@type\":\"PropertyValueSpecification\",\"valueRequired\":true,\"valueName\":\"search_term_string\"}}],\"inLanguage\":\"it-IT\"}]}<\/script>\n<!-- \/ Yoast SEO plugin. -->","yoast_head_json":{"title":"Protezione dei dati - Codec Group","description":"Consulta la nostra protezione dei dati per capire come Codec Group gestisce, protegge e utilizza le tue informazioni. Ci impegniamo a garantire la sicurezza e la riservatezza dei tuoi dati.","robots":{"index":"index","follow":"follow","max-snippet":"max-snippet:-1","max-image-preview":"max-image-preview:large","max-video-preview":"max-video-preview:-1"},"canonical":"https:\/\/codecgroup.ch\/it\/protezione-dei-dati\/","og_locale":"it_IT","og_type":"article","og_title":"Protezione dei dati - Codec Group","og_description":"Consulta la nostra protezione dei dati per capire come Codec Group gestisce, protegge e utilizza le tue informazioni. Ci impegniamo a garantire la sicurezza e la riservatezza dei tuoi dati.","og_url":"https:\/\/codecgroup.ch\/it\/protezione-dei-dati\/","og_site_name":"Codec Group","article_modified_time":"2026-03-25T16:42:18+00:00","twitter_card":"summary_large_image","twitter_misc":{"Tempo di lettura stimato":"4 minuti"},"schema":{"@context":"https:\/\/schema.org","@graph":[{"@type":"WebPage","@id":"https:\/\/codecgroup.ch\/it\/protezione-dei-dati\/","url":"https:\/\/codecgroup.ch\/it\/protezione-dei-dati\/","name":"Protezione dei dati - Codec Group","isPartOf":{"@id":"https:\/\/codecgroup.ch\/it\/#website"},"datePublished":"2024-01-16T10:39:28+00:00","dateModified":"2026-03-25T16:42:18+00:00","description":"Consulta la nostra protezione dei dati per capire come Codec Group gestisce, protegge e utilizza le tue informazioni. Ci impegniamo a garantire la sicurezza e la riservatezza dei tuoi dati.","breadcrumb":{"@id":"https:\/\/codecgroup.ch\/it\/protezione-dei-dati\/#breadcrumb"},"inLanguage":"it-IT","potentialAction":[{"@type":"ReadAction","target":["https:\/\/codecgroup.ch\/it\/protezione-dei-dati\/"]}]},{"@type":"BreadcrumbList","@id":"https:\/\/codecgroup.ch\/it\/protezione-dei-dati\/#breadcrumb","itemListElement":[{"@type":"ListItem","position":1,"name":"Accueil","item":"https:\/\/codecgroup.ch\/it\/"},{"@type":"ListItem","position":2,"name":"Protezione dei dati"}]},{"@type":"WebSite","@id":"https:\/\/codecgroup.ch\/it\/#website","url":"https:\/\/codecgroup.ch\/it\/","name":"Codec Group","description":"La qualit\u00e9 suisse du \u00b5icro au Mega","potentialAction":[{"@type":"SearchAction","target":{"@type":"EntryPoint","urlTemplate":"https:\/\/codecgroup.ch\/it\/?s={search_term_string}"},"query-input":{"@type":"PropertyValueSpecification","valueRequired":true,"valueName":"search_term_string"}}],"inLanguage":"it-IT"}]}},"_links":{"self":[{"href":"https:\/\/codecgroup.ch\/it\/wp-json\/wp\/v2\/pages\/31638","targetHints":{"allow":["GET"]}}],"collection":[{"href":"https:\/\/codecgroup.ch\/it\/wp-json\/wp\/v2\/pages"}],"about":[{"href":"https:\/\/codecgroup.ch\/it\/wp-json\/wp\/v2\/types\/page"}],"author":[{"embeddable":true,"href":"https:\/\/codecgroup.ch\/it\/wp-json\/wp\/v2\/users\/1"}],"replies":[{"embeddable":true,"href":"https:\/\/codecgroup.ch\/it\/wp-json\/wp\/v2\/comments?post=31638"}],"version-history":[{"count":4,"href":"https:\/\/codecgroup.ch\/it\/wp-json\/wp\/v2\/pages\/31638\/revisions"}],"predecessor-version":[{"id":31644,"href":"https:\/\/codecgroup.ch\/it\/wp-json\/wp\/v2\/pages\/31638\/revisions\/31644"}],"wp:attachment":[{"href":"https:\/\/codecgroup.ch\/it\/wp-json\/wp\/v2\/media?parent=31638"}],"curies":[{"name":"wp","href":"https:\/\/api.w.org\/{rel}","templated":true}]}}