{"id":31635,"date":"2024-01-16T11:39:28","date_gmt":"2024-01-16T10:39:28","guid":{"rendered":"https:\/\/codecgroup.ch\/datenschutz\/"},"modified":"2026-03-25T17:41:46","modified_gmt":"2026-03-25T16:41:46","slug":"datenschutz","status":"publish","type":"page","link":"https:\/\/codecgroup.ch\/de\/datenschutz\/","title":{"rendered":"Datenschutz"},"content":{"rendered":"<p>[et_pb_section fb_built=&#8220;1&#8243; _builder_version=&#8220;4.23.4&#8243; _module_preset=&#8220;default&#8220; global_colors_info=&#8220;{}&#8220;][et_pb_row _builder_version=&#8220;4.23.4&#8243; _module_preset=&#8220;default&#8220; global_colors_info=&#8220;{}&#8220;][et_pb_column type=&#8220;4_4&#8243; _builder_version=&#8220;4.23.4&#8243; _module_preset=&#8220;default&#8220; global_colors_info=&#8220;{}&#8220;][et_pb_text _builder_version=&#8220;4.23.4&#8243; _module_preset=&#8220;default&#8220; hover_enabled=&#8220;0&#8243; global_colors_info=&#8220;{}&#8220; sticky_enabled=&#8220;0&#8243;]<\/p>\n<h1>Datenschutz<\/h1>\n<h2>Gesetzgebung<\/h2>\n<p>Als in der Schweiz ans\u00e4ssiges Unternehmen sind wir verpflichtet, die schweizerische Datenschutzgesetzgebung einzuhalten.<\/p>\n<p>Wir erheben ein Minimum an personenbezogenen Daten, bewahren sie so kurz wie m\u00f6glich auf und gew\u00e4hrleisten ihren Schutz.<\/p>\n<p>&nbsp;<\/p>\n<h2>Wer sind wir?<\/h2>\n<p>Die Adresse unserer Website lautet: https:\/\/codecgroup.ch\/<\/p>\n<p>Firmenname: Codec SA<\/p>\n<p>UID-Nr.: CHE-106.984.750  <\/p>\n<p>Adresse:<span> <\/span><span>Cr\u00eats 13, 2056 Dombresson<\/span><\/p>\n<p>Verantwortlich: <span> <\/span><span>Di Bernardo, Michel<\/span><\/p>\n<p>E-Mail-Adresse: <a href=\"mailto:info@codecgroup.ch\">info@codecgroup.ch<\/a><\/p>\n<p>&nbsp;<\/p>\n<p>&nbsp;<\/p>\n<h2>Wer kann ebenfalls auf personenbezogene Daten zugreifen?<\/h2>\n<p>Die Website wird bei Infomaniak SA gehostet <a href=\"https:\/\/infomaniak.ch\">https:\/\/infomaniak.ch<\/a><\/p>\n<p>Das oben genannte Unternehmen ist vertraglich verpflichtet, dieselben Pflichten zum Schutz personenbezogener Daten einzuhalten.<\/p>\n<p>&nbsp;<\/p>\n<h2>Kommentare<\/h2>\n<p>Wenn Sie auf unserer Website einen Kommentar hinterlassen, werden die im Kommentarformular eingetragenen Daten sowie Ihre IP-Adresse und der User-Agent Ihres Browsers erfasst, um uns bei der Erkennung unerw\u00fcnschter Kommentare zu helfen.<\/p>\n<p>Es sei hier daran erinnert, dass die betroffene Person f\u00fcr die Daten verantwortlich ist, die sie in den Kommentaren angibt, und dass ihr empfohlen wird, keine sensiblen Informationen zu erw\u00e4hnen.<\/p>\n<p>Eine anonymisierte Zeichenfolge, die aus Ihrer E-Mail-Adresse erstellt wird (auch Hash genannt), kann an den Gravatar-Dienst gesendet werden, um zu pr\u00fcfen, ob Sie diesen nutzen. Die Datenschutzbestimmungen des Gravatar-Dienstes finden Sie hier: https:\/\/automattic.com\/privacy\/. Nach Freigabe Ihres Kommentars ist Ihr Profilbild \u00f6ffentlich neben Ihrem Kommentar sichtbar. <\/p>\n<p>&nbsp;<\/p>\n<h2>Medien<\/h2>\n<p>Wenn Sie Bilder auf die Website hochladen, empfehlen wir Ihnen, das Hochladen von Bildern zu vermeiden, die EXIF-Daten mit GPS-Koordinaten enthalten. Personen, die Ihre Website besuchen, k\u00f6nnen diese Bilder herunterladen und Standortdaten daraus extrahieren. <\/p>\n<p>&nbsp;<\/p>\n<h2>Cookies<\/h2>\n<p>Wenn Sie einen Kommentar auf unserer Website hinterlassen, wird Ihnen angeboten, Ihren Namen, Ihre E-Mail-Adresse und Ihre Website in Cookies zu speichern. Dies dient ausschlie\u00dflich Ihrem Komfort, damit Sie diese Informationen nicht erneut eingeben m\u00fcssen, wenn Sie sp\u00e4ter einen weiteren Kommentar hinterlassen. Diese Cookies verfallen nach einem Jahr.  <\/p>\n<p>Wenn Sie die Anmeldeseite besuchen, wird ein tempor\u00e4res Cookie erstellt, um festzustellen, ob Ihr Browser Cookies akzeptiert. Es enth\u00e4lt keine personenbezogenen Daten und wird automatisch gel\u00f6scht, wenn Sie Ihren Browser schlie\u00dfen. <\/p>\n<p>Wenn Sie sich anmelden, richten wir eine Reihe von Cookies ein, um Ihre Anmeldeinformationen und Ihre Anzeigeeinstellungen zu speichern. Die Lebensdauer eines Login-Cookies betr\u00e4gt zwei Tage, die eines Cookies f\u00fcr Anzeigeoptionen ein Jahr. Wenn Sie \u201eAngemeldet bleiben\u201c ausw\u00e4hlen, wird Ihr Login-Cookie zwei Wochen lang gespeichert. Wenn Sie sich von Ihrem Konto abmelden, wird das Login-Cookie gel\u00f6scht.   <\/p>\n<p>Wenn Sie einen Beitrag bearbeiten oder ver\u00f6ffentlichen, wird ein zus\u00e4tzliches Cookie in Ihrem Browser gespeichert. Dieses Cookie enth\u00e4lt keine personenbezogenen Daten. Es zeigt lediglich die ID des Beitrags an, den Sie gerade bearbeitet haben. Es verf\u00e4llt nach einem Tag.   <\/p>\n<p>Wir verwenden keine Web-Beacons.<\/p>\n<p>&nbsp;<\/p>\n<h2>Eingebettete Inhalte von anderen Websites<\/h2>\n<p>Beitr\u00e4ge auf dieser Website k\u00f6nnen eingebettete Inhalte enthalten (z. B. Videos, Bilder, Beitr\u00e4ge \u2026). Eingebettete Inhalte von anderen Websites verhalten sich so, als ob der Besucher diese andere Website besuchen w\u00fcrde. <\/p>\n<p>Diese Websites k\u00f6nnten Daten \u00fcber Sie sammeln, Cookies verwenden, Tracking-Tools von Drittanbietern einbetten und Ihre Interaktionen mit diesen eingebetteten Inhalten verfolgen, wenn Sie \u00fcber ein Konto verf\u00fcgen und auf deren Website angemeldet sind.<\/p>\n<p>Der Zugriff auf eine Drittanbieter-Website erfolgt jederzeit nicht ohne Wissen der betroffenen Person, und Sie k\u00f6nnen sich zur Verwendung von Cookies durch diese Drittanbieter-Website \u00e4u\u00dfern.<\/p>\n<p>&nbsp;<\/p>\n<h2>Speicherdauer Ihrer Daten<\/h2>\n<p>Wenn Sie einen Kommentar hinterlassen, werden der Kommentar und seine Metadaten unbegrenzt gespeichert. Dies erm\u00f6glicht es, Folgekommentare automatisch zu erkennen und freizugeben, anstatt sie in der Moderationswarteschlange zu belassen. <\/p>\n<p>F\u00fcr Konten, die sich auf unserer Website registrieren (falls zutreffend), speichern wir au\u00dferdem die im Profil angegebenen personenbezogenen Daten, n\u00e4mlich:<\/p>\n<p>Name, Vorname, Adresse, PLZ, Ort.<\/p>\n<p>Alle Konten k\u00f6nnen ihre personenbezogenen Informationen jederzeit einsehen, \u00e4ndern oder l\u00f6schen (mit Ausnahme ihres Benutzernamens). Die Website-Administratoren k\u00f6nnen diese Informationen ebenfalls einsehen und \u00e4ndern. <\/p>\n<p>&nbsp;<\/p>\n<h2>Ihre Rechte in Bezug auf Ihre Daten<\/h2>\n<p>Wenn Sie ein Konto haben oder Kommentare auf der Website hinterlassen haben, k\u00f6nnen Sie anfordern, eine Datei mit allen personenbezogenen Daten zu erhalten, die wir \u00fcber Sie besitzen, einschlie\u00dflich der Daten, die Sie uns bereitgestellt haben. Sie k\u00f6nnen au\u00dferdem die L\u00f6schung der Sie betreffenden personenbezogenen Daten verlangen. Dies gilt nicht f\u00fcr Daten, die zu administrativen Zwecken, aus rechtlichen Gr\u00fcnden oder aus Sicherheitsgr\u00fcnden gespeichert werden.  <\/p>\n<p>Allgemein sind die Rechte der betroffenen Personen das Recht auf: Auskunft, Berichtigung, L\u00f6schung, Einschr\u00e4nkung der Verarbeitung, Rechtsbehelf, Daten\u00fcbertragbarkeit, Einreichung einer Beschwerde, Widerruf einer Einwilligung.<\/p>\n<p>&nbsp;<\/p>\n<h2>Wohin Ihre Daten gesendet werden<\/h2>\n<p>Kommentare von Besuchern k\u00f6nnen mithilfe eines automatisierten Dienstes zur Erkennung unerw\u00fcnschter Kommentare \u00fcberpr\u00fcft werden. Wir verwenden den Dienst Akismet, um Spam zu bek\u00e4mpfen. <\/p>\n<p>&nbsp;<\/p>\n<p>&nbsp;<\/p>\n<p>[\/et_pb_text][\/et_pb_column][\/et_pb_row][\/et_pb_section]<\/p>\n","protected":false},"excerpt":{"rendered":"<p>Datenschutz Gesetzgebung Als in der Schweiz ans\u00e4ssiges Unternehmen sind wir verpflichtet, die schweizerische Datenschutzgesetzgebung einzuhalten. Wir erheben ein Minimum an personenbezogenen Daten, bewahren sie so kurz wie m\u00f6glich auf und gew\u00e4hrleisten ihren Schutz. &nbsp; Wer sind wir? Die Adresse unserer Website lautet: https:\/\/codecgroup.ch\/ Firmenname: Codec SA UID-Nr.: CHE-106.984.750 Adresse: Cr\u00eats 13, 2056 Dombresson Verantwortlich: Di [&hellip;]<\/p>\n","protected":false},"author":1,"featured_media":0,"parent":0,"menu_order":0,"comment_status":"closed","ping_status":"closed","template":"","meta":{"_et_pb_use_builder":"on","_et_pb_old_content":"","_et_gb_content_width":"","footnotes":""},"class_list":["post-31635","page","type-page","status-publish","hentry"],"yoast_head":"<!-- This site is optimized with the Yoast SEO plugin v27.3 - https:\/\/yoast.com\/product\/yoast-seo-wordpress\/ -->\n<title>Datenschutz - Codec Group<\/title>\n<meta name=\"description\" content=\"Lesen Sie unseren Datenschutzhinweis, um zu verstehen, wie Codec Group Ihre Informationen verwaltet, sch\u00fctzt und verwendet. Wir setzen uns daf\u00fcr ein, die Sicherheit und Vertraulichkeit Ihrer Daten zu gew\u00e4hrleisten.\" \/>\n<meta name=\"robots\" content=\"index, follow, max-snippet:-1, max-image-preview:large, max-video-preview:-1\" \/>\n<link rel=\"canonical\" href=\"https:\/\/codecgroup.ch\/de\/datenschutz\/\" \/>\n<meta property=\"og:locale\" content=\"de_DE\" \/>\n<meta property=\"og:type\" content=\"article\" \/>\n<meta property=\"og:title\" content=\"Datenschutz - Codec Group\" \/>\n<meta property=\"og:description\" content=\"Lesen Sie unseren Datenschutzhinweis, um zu verstehen, wie Codec Group Ihre Informationen verwaltet, sch\u00fctzt und verwendet. Wir setzen uns daf\u00fcr ein, die Sicherheit und Vertraulichkeit Ihrer Daten zu gew\u00e4hrleisten.\" \/>\n<meta property=\"og:url\" content=\"https:\/\/codecgroup.ch\/de\/datenschutz\/\" \/>\n<meta property=\"og:site_name\" content=\"Codec Group\" \/>\n<meta property=\"article:modified_time\" content=\"2026-03-25T16:41:46+00:00\" \/>\n<meta name=\"twitter:card\" content=\"summary_large_image\" \/>\n<meta name=\"twitter:label1\" content=\"Gesch\u00e4tzte Lesezeit\" \/>\n\t<meta name=\"twitter:data1\" content=\"4\u00a0Minuten\" \/>\n<script type=\"application\/ld+json\" class=\"yoast-schema-graph\">{\"@context\":\"https:\\\/\\\/schema.org\",\"@graph\":[{\"@type\":\"WebPage\",\"@id\":\"https:\\\/\\\/codecgroup.ch\\\/de\\\/datenschutz\\\/\",\"url\":\"https:\\\/\\\/codecgroup.ch\\\/de\\\/datenschutz\\\/\",\"name\":\"Datenschutz - Codec Group\",\"isPartOf\":{\"@id\":\"https:\\\/\\\/codecgroup.ch\\\/de\\\/#website\"},\"datePublished\":\"2024-01-16T10:39:28+00:00\",\"dateModified\":\"2026-03-25T16:41:46+00:00\",\"description\":\"Lesen Sie unseren Datenschutzhinweis, um zu verstehen, wie Codec Group Ihre Informationen verwaltet, sch\u00fctzt und verwendet. Wir setzen uns daf\u00fcr ein, die Sicherheit und Vertraulichkeit Ihrer Daten zu gew\u00e4hrleisten.\",\"breadcrumb\":{\"@id\":\"https:\\\/\\\/codecgroup.ch\\\/de\\\/datenschutz\\\/#breadcrumb\"},\"inLanguage\":\"de\",\"potentialAction\":[{\"@type\":\"ReadAction\",\"target\":[\"https:\\\/\\\/codecgroup.ch\\\/de\\\/datenschutz\\\/\"]}]},{\"@type\":\"BreadcrumbList\",\"@id\":\"https:\\\/\\\/codecgroup.ch\\\/de\\\/datenschutz\\\/#breadcrumb\",\"itemListElement\":[{\"@type\":\"ListItem\",\"position\":1,\"name\":\"Accueil\",\"item\":\"https:\\\/\\\/codecgroup.ch\\\/de\\\/\"},{\"@type\":\"ListItem\",\"position\":2,\"name\":\"Datenschutz\"}]},{\"@type\":\"WebSite\",\"@id\":\"https:\\\/\\\/codecgroup.ch\\\/de\\\/#website\",\"url\":\"https:\\\/\\\/codecgroup.ch\\\/de\\\/\",\"name\":\"Codec Group\",\"description\":\"La qualit\u00e9 suisse du \u00b5icro au Mega\",\"potentialAction\":[{\"@type\":\"SearchAction\",\"target\":{\"@type\":\"EntryPoint\",\"urlTemplate\":\"https:\\\/\\\/codecgroup.ch\\\/de\\\/?s={search_term_string}\"},\"query-input\":{\"@type\":\"PropertyValueSpecification\",\"valueRequired\":true,\"valueName\":\"search_term_string\"}}],\"inLanguage\":\"de\"}]}<\/script>\n<!-- \/ Yoast SEO plugin. -->","yoast_head_json":{"title":"Datenschutz - Codec Group","description":"Lesen Sie unseren Datenschutzhinweis, um zu verstehen, wie Codec Group Ihre Informationen verwaltet, sch\u00fctzt und verwendet. Wir setzen uns daf\u00fcr ein, die Sicherheit und Vertraulichkeit Ihrer Daten zu gew\u00e4hrleisten.","robots":{"index":"index","follow":"follow","max-snippet":"max-snippet:-1","max-image-preview":"max-image-preview:large","max-video-preview":"max-video-preview:-1"},"canonical":"https:\/\/codecgroup.ch\/de\/datenschutz\/","og_locale":"de_DE","og_type":"article","og_title":"Datenschutz - Codec Group","og_description":"Lesen Sie unseren Datenschutzhinweis, um zu verstehen, wie Codec Group Ihre Informationen verwaltet, sch\u00fctzt und verwendet. Wir setzen uns daf\u00fcr ein, die Sicherheit und Vertraulichkeit Ihrer Daten zu gew\u00e4hrleisten.","og_url":"https:\/\/codecgroup.ch\/de\/datenschutz\/","og_site_name":"Codec Group","article_modified_time":"2026-03-25T16:41:46+00:00","twitter_card":"summary_large_image","twitter_misc":{"Gesch\u00e4tzte Lesezeit":"4\u00a0Minuten"},"schema":{"@context":"https:\/\/schema.org","@graph":[{"@type":"WebPage","@id":"https:\/\/codecgroup.ch\/de\/datenschutz\/","url":"https:\/\/codecgroup.ch\/de\/datenschutz\/","name":"Datenschutz - Codec Group","isPartOf":{"@id":"https:\/\/codecgroup.ch\/de\/#website"},"datePublished":"2024-01-16T10:39:28+00:00","dateModified":"2026-03-25T16:41:46+00:00","description":"Lesen Sie unseren Datenschutzhinweis, um zu verstehen, wie Codec Group Ihre Informationen verwaltet, sch\u00fctzt und verwendet. Wir setzen uns daf\u00fcr ein, die Sicherheit und Vertraulichkeit Ihrer Daten zu gew\u00e4hrleisten.","breadcrumb":{"@id":"https:\/\/codecgroup.ch\/de\/datenschutz\/#breadcrumb"},"inLanguage":"de","potentialAction":[{"@type":"ReadAction","target":["https:\/\/codecgroup.ch\/de\/datenschutz\/"]}]},{"@type":"BreadcrumbList","@id":"https:\/\/codecgroup.ch\/de\/datenschutz\/#breadcrumb","itemListElement":[{"@type":"ListItem","position":1,"name":"Accueil","item":"https:\/\/codecgroup.ch\/de\/"},{"@type":"ListItem","position":2,"name":"Datenschutz"}]},{"@type":"WebSite","@id":"https:\/\/codecgroup.ch\/de\/#website","url":"https:\/\/codecgroup.ch\/de\/","name":"Codec Group","description":"La qualit\u00e9 suisse du \u00b5icro au Mega","potentialAction":[{"@type":"SearchAction","target":{"@type":"EntryPoint","urlTemplate":"https:\/\/codecgroup.ch\/de\/?s={search_term_string}"},"query-input":{"@type":"PropertyValueSpecification","valueRequired":true,"valueName":"search_term_string"}}],"inLanguage":"de"}]}},"_links":{"self":[{"href":"https:\/\/codecgroup.ch\/de\/wp-json\/wp\/v2\/pages\/31635","targetHints":{"allow":["GET"]}}],"collection":[{"href":"https:\/\/codecgroup.ch\/de\/wp-json\/wp\/v2\/pages"}],"about":[{"href":"https:\/\/codecgroup.ch\/de\/wp-json\/wp\/v2\/types\/page"}],"author":[{"embeddable":true,"href":"https:\/\/codecgroup.ch\/de\/wp-json\/wp\/v2\/users\/1"}],"replies":[{"embeddable":true,"href":"https:\/\/codecgroup.ch\/de\/wp-json\/wp\/v2\/comments?post=31635"}],"version-history":[{"count":2,"href":"https:\/\/codecgroup.ch\/de\/wp-json\/wp\/v2\/pages\/31635\/revisions"}],"predecessor-version":[{"id":31637,"href":"https:\/\/codecgroup.ch\/de\/wp-json\/wp\/v2\/pages\/31635\/revisions\/31637"}],"wp:attachment":[{"href":"https:\/\/codecgroup.ch\/de\/wp-json\/wp\/v2\/media?parent=31635"}],"curies":[{"name":"wp","href":"https:\/\/api.w.org\/{rel}","templated":true}]}}